{"id":3,"date":"2019-07-05T06:38:06","date_gmt":"2019-07-05T06:38:06","guid":{"rendered":"http:\/\/www.mirrastal.pl\/?page_id=3"},"modified":"2019-11-07T13:47:32","modified_gmt":"2019-11-07T13:47:32","slug":"polityka-prywatnosci-i-cookies","status":"publish","type":"page","link":"http:\/\/www.mirrastal.pl\/en\/polityka-prywatnosci-i-cookies\/","title":{"rendered":"Polityka prywatno\u015bci i cookies"},"content":{"rendered":"\n<p><strong>Drogi U\u017cytkowniku!<\/strong><\/p>\n\n\n\n<p>Dbamy o Twoj\u0105 prywatno\u015b\u0107 i chcemy, aby\u015b w czasie korzystania z naszych us\u0142ug czu\u0142 si\u0119 komfortowo. Dlatego te\u017c poni\u017cej prezentujemy Ci najwa\u017cniejsze informacje o zasadach przetwarzania przez nas Twoich danych osobowych oraz plikach cookies, kt\u00f3re s\u0105 wykorzystywane przez nasz Serwis. Informacje te zosta\u0142y przygotowane z uwzgl\u0119dnieniem RODO, czyli og\u00f3lnego rozporz\u0105dzenia o ochronie danych.<\/p>\n\n\n\n<h3>ADMINISTRATOR DANYCH OSOBOWYCH (\u201eAdministrator\u201d)<\/h3>\n\n\n\n<p>Przedsi\u0119biorstwo Handlowe Mirra Sebastian Myszke, ul.Biznes Park 7, Linowiec, 83-200 Starogard Gda\u0144ski wpisany do Centralnej Ewidencji i Informacji o Dzia\u0142alno\u015bci Gospodarczej prowadzonej przez Ministra Rozwoju i Finans\u00f3w, NIP 5922260309 , nr REGON 221812215<\/p>\n\n\n\n<h3>DANE OSOBOWE I PRYWATNO\u015a\u0106<\/h3>\n\n\n\n<p>Je\u015bli zamierzasz za\u0142o\u017cy\u0107 Konto U\u017cytkownika oraz korzysta\u0107 z naszych us\u0142ug, zostaniesz poproszony o podanie nam Twoich danych osobowych.<br>Twoje dane przetwarzane s\u0105 przez nas we wskazanych poni\u017cej celach, zwi\u0105zanych z funkcjonowaniem Serwisu i \u015bwiadczeniem us\u0142ug w nim oferowanych (\u201eUs\u0142ugi\u201d).<\/p>\n\n\n\n<p><strong>Cel przetwarzania:<\/strong><\/p>\n\n\n\n<p>W zale\u017cno\u015bci od tego, na co si\u0119 zdecydujesz, mo\u017ce to by\u0107:<\/p>\n\n\n\n<ul><li>\u015awiadczenie us\u0142ug oferowanych w Serwisie<\/li><li>Realizacja Twoich zam\u00f3wie\u0144<\/li><li>Przesy\u0142anie newslettera<\/li><li>Dostarczenie zam\u00f3wionej oferty<\/li><\/ul>\n\n\n\n<p><strong>Podstawa przetwarzania:<\/strong><\/p>\n\n\n\n<ul><li>Umowa sprzeda\u017cy (art. 6 ust. 1 lit. b RODO)<\/li><li>Ci\u0105\u017c\u0105cy na nas obowi\u0105zek prawny, np. zwi\u0105zany z rachunkowo\u015bci\u0105 (art. 6 ust. 1 lit. c RODO)<\/li><li>Twoja zgoda wyra\u017cona w Sklepie (art. 6 ust. 1 lit. a RODO)<\/li><li>Umowa o \u015bwiadczenie us\u0142ug (art. 6 ust. 1 lit. b RODO)<\/li><li>Nasz prawnie uzasadniony interes, w celu ustalenia, dochodzenia lub obrony roszcze\u0144 (art. 6 ust. 1 lit. f RODO)<\/li><\/ul>\n\n\n\n<p><strong>Podanie danych:<\/strong><\/p>\n\n\n\n<ul><li>Dobrowolne, ale w niekt\u00f3rych przypadkach mo\u017ce by\u0107 konieczne do zawarcia umowy lub przedstawienia oferty.<\/li><\/ul>\n\n\n\n<p><strong>Skutek niepodania danych:<\/strong><\/p>\n\n\n\n<p>W zale\u017cno\u015bci od celu, w jakim dane s\u0105 podawane:<\/p>\n\n\n\n<ul><li>brak mo\u017cliwo\u015bci korzystania z us\u0142ug Serwisie<\/li><li>brak mo\u017cliwo\u015bci otrzymywania informacji o promocjach czy ofertach specjalnych, oferowanych w Serwisie<\/li><\/ul>\n\n\n\n<p><strong>Mo\u017cliwo\u015b\u0107 cofni\u0119cia zgody:<\/strong><\/p>\n\n\n\n<ul><li>w ka\u017cdej chwili<\/li><\/ul>\n\n\n\n<p>Przetwarzanie danych do momentu cofni\u0119cia przez Ciebie zgody pozostaje zgodne z prawem.<\/p>\n\n\n\n<h3>OKRES PRZETWARZANIA<\/h3>\n\n\n\n<p>Twoje dane b\u0119dziemy przetwarza\u0107 tylko przez okres, w kt\u00f3rym b\u0119dziemy mie\u0107 ku temu podstaw\u0119 prawn\u0105, a wi\u0119c do momentu, w kt\u00f3rym:<\/p>\n\n\n\n<ul><li>przestanie ci\u0105\u017cy\u0107 na nas obowi\u0105zek prawny, zobowi\u0105zuj\u0105cy nas do przetwarzania Twoich danych<\/li><li>ustanie mo\u017cliwo\u015b\u0107 dochodzenia roszcze\u0144 zwi\u0105zanych z umow\u0105 zawart\u0105 przez Serwis przez kt\u00f3r\u0105kolwiek ze stron<\/li><li>cofniesz zgod\u0119 na przetwarzanie danych, je\u015bli to ona by\u0142a jego podstaw\u0105<\/li><\/ul>\n\n\n\n<p>\u2013 w zale\u017cno\u015bci od tego, co ma zastosowanie w danym przypadku i co nast\u0105pi najp\u00f3\u017aniej.<\/p>\n\n\n\n<h3>BEZPIECZE\u0143STWO DANYCH<\/h3>\n\n\n\n<p>Przetwarzaj\u0105c Twoje dane osobowe stosujemy \u015brodki organizacyjne i techniczne zgodne z w\u0142a\u015bciwymi przepisami prawa.<\/p>\n\n\n\n<h3>TWOJE UPRAWNIENIA<\/h3>\n\n\n\n<p>Przys\u0142uguje Ci prawo \u017c\u0105dania:<\/p>\n\n\n\n<ul><li>dost\u0119pu do Twoich danych osobowych<\/li><li>ich sprostowania<\/li><li>usuni\u0119cia<\/li><li>ograniczenia przetwarzania<\/li><\/ul>\n\n\n\n<p>A tak\u017ce prawo:<\/p>\n\n\n\n<ul><li>wniesienia sprzeciwu wobec przetwarzania<\/li><li>\u017c\u0105dania przeniesienia danych do innego administratora<\/li><\/ul>\n\n\n\n<p>Skontaktuj si\u0119 z nami, je\u015bli chcesz skorzysta\u0107 ze swoich praw.<\/p>\n\n\n\n<p>Je\u015bli uznasz, \u017ce Twoje dane s\u0105 przetwarzane niezgodnie z prawem, mo\u017cesz z\u0142o\u017cy\u0107 skarg\u0119 do organu nadzorczego.<\/p>\n\n\n\n<h3>CIASTECZKA<\/h3>\n\n\n\n<p>Nasz Serwis, jak wi\u0119kszo\u015b\u0107 witryn internetowych, korzysta z tzw. plik\u00f3w cookies (ciasteczek). Pliki te:<\/p>\n\n\n\n<ul><li>s\u0105 zapisywane w pami\u0119ci Twojego urz\u0105dzenia (komputera, telefonu, itd.)<\/li><li>umo\u017cliwiaj\u0105 Ci, m.in., korzystanie ze wszystkich funkcji Serwisu<\/li><li>nie powoduj\u0105 zmian w ustawieniach Twojego urz\u0105dzenia<\/li><\/ul>\n\n\n\n<p>Korzystaj\u0105c z odpowiednich opcji Twojej przegl\u0105darki, w ka\u017cdej chwili mo\u017cesz:<\/p>\n\n\n\n<ul><li>usun\u0105\u0107 pliki cookies<\/li><li>blokowa\u0107 wykorzystanie plik\u00f3w cookies w przysz\u0142o\u015bci<\/li><\/ul>\n\n\n\n<p>W tym&nbsp;Serwisie ciasteczka wykorzystywane s\u0105 w celu:<\/p>\n\n\n\n<ul><li>zapami\u0119tywania informacji o Twojej sesji<\/li><li>statystycznym<\/li><li>marketingowym<\/li><li>udost\u0119pniania funkcji&nbsp;Serwisu<\/li><\/ul>\n\n\n\n<p>Aby dowiedzie\u0107 si\u0119 jak zarz\u0105dza\u0107 plikami cookies, w tym jak wy\u0142\u0105czy\u0107 ich obs\u0142ug\u0119 w Twojej przegl\u0105darce, mo\u017cesz skorzysta\u0107 z pliku pomocy Twojej przegl\u0105darki. Z informacjami na ten temat mo\u017cesz zapozna\u0107 si\u0119 wciskaj\u0105c klawisz F1 w przegl\u0105darce. Ponadto odpowiednie wskaz\u00f3wki znajdziesz na nast\u0119puj\u0105cych podstronach, w zale\u017cno\u015bci od przegl\u0105darki, kt\u00f3rej u\u017cywasz:<\/p>\n\n\n\n<ul><li><a href=\"https:\/\/support.mozilla.org\/pl\/kb\/W%C5%82%C4%85czanie%20i%20wy%C5%82%C4%85czanie%20obs%C5%82ugi%20ciasteczek\" target=\"_blank\" rel=\"nofollow noopener noreferrer\">Firefox<\/a><\/li><li><a href=\"https:\/\/support.google.com\/chrome\/answer\/95647?hl=plX\" target=\"_blank\" rel=\"nofollow noopener noreferrer\">Chrome<\/a><\/li><li><a href=\"https:\/\/support.apple.com\/kb\/PH5042?locale=en_US\" target=\"_blank\" rel=\"nofollow noopener noreferrer\">Safari<\/a><\/li><li><a href=\"http:\/\/windows.microsoft.com\/pl-pl\/windows-10\/edge-privacy-faq\" target=\"_blank\" rel=\"nofollow noopener noreferrer\">Internet Explorer \/ Microsoft Edge<\/a><\/li><\/ul>\n\n\n\n<p>Je\u015bli nie wy\u0142\u0105czysz wykorzystywania plik\u00f3w cookies w ustawieniach przegl\u0105darki, oznacza to, \u017ce wyra\u017casz zgod\u0119 na ich wykorzystanie.<\/p>\n\n\n\n<p>Wi\u0119cej informacji o ciasteczkach znajdziesz w&nbsp;<a href=\"https:\/\/pl.wikipedia.org\/wiki\/HTTP_cookie\" target=\"_blank\" rel=\"nofollow noopener noreferrer\">Wikipedii<\/a>.<\/p>\n\n\n\n<h3>US\u0141UGI ZEWN\u0118TRZNE \/ ODBIORCY DANYCH<\/h3>\n\n\n\n<p>Korzystamy z us\u0142ug podmiot\u00f3w zewn\u0119trznych, kt\u00f3rym mog\u0105 by\u0107 przekazywane Twoje dane. Poni\u017cej znajduje si\u0119 lista tych podmiot\u00f3w:<\/p>\n\n\n\n<ul><li>podmiot realizuj\u0105cy dostaw\u0119 towar\u00f3w<\/li><li>hurtownia<\/li><li>drukarnia<\/li><li>dostawca p\u0142atno\u015bci<\/li><li>biuro ksi\u0119gowe<\/li><li>hostingodawca<\/li><li>podmiot u\u0142atwiaj\u0105cy optymalizacj\u0119&nbsp;Serwisu<\/li><li>osoby wsp\u00f3\u0142pracuj\u0105ce z nami na podstawie um\u00f3w cywilnoprawnych, wspieraj\u0105ce nasz\u0105 bie\u017c\u0105c\u0105 dzia\u0142alno\u015b\u0107<\/li><li>dostawca oprogramowania u\u0142atwiaj\u0105cego prowadzenie dzia\u0142alno\u015bci (np. oprogramowanie ksi\u0119gowe)<\/li><li>podmiot zapewniaj\u0105cy us\u0142ugi marketingowe<\/li><li>dostawca oprogramowania potrzebnego do prowadzenia sklepu internetowego<\/li><\/ul>\n\n\n\n<h3>KONTAKT Z ADMINISTRATOREM<\/h3>\n\n\n\n<p>Chcesz skorzysta\u0107 ze swoich uprawnie\u0144 dotycz\u0105cych danych osobowych?<\/p>\n\n\n\n<p>A mo\u017ce po prostu chcesz zapyta\u0107 o co\u015b zwi\u0105zanego z nasz\u0105 Polityk\u0105 Prywatno\u015bci?<\/p>\n\n\n\n<p>Napisz na adres e-mail:<br>biuro@mirrastal.pl<\/p>\n","protected":false},"excerpt":{"rendered":"<p>Drogi U\u017cytkowniku! Dbamy o Twoj\u0105 prywatno\u015b\u0107 i chcemy, aby\u015b w czasie korzystania z naszych us\u0142ug czu\u0142[&#8230;]<\/p>\n","protected":false},"author":1,"featured_media":0,"parent":0,"menu_order":0,"comment_status":"closed","ping_status":"closed","template":"","meta":[],"translation":{"provider":"WPGlobus","version":"2.5.20","language":"en","enabled_languages":["pl","en"],"languages":{"pl":{"title":true,"content":true,"excerpt":false},"en":{"title":false,"content":false,"excerpt":false}}},"yoast_head":"<!-- This site is optimized with the Yoast SEO plugin v15.3 - https:\/\/yoast.com\/wordpress\/plugins\/seo\/ -->\n<meta name=\"robots\" content=\"index, follow, max-snippet:-1, max-image-preview:large, max-video-preview:-1\" \/>\n<link rel=\"canonical\" href=\"http:\/\/www.mirrastal.pl\/polityka-prywatnosci-i-cookies\/\" \/>\n<meta property=\"og:locale\" content=\"en_US\" \/>\n<meta property=\"og:type\" content=\"article\" \/>\n<meta property=\"og:title\" content=\"Polityka prywatno\u015bci i cookies - Mirrastal\" \/>\n<meta property=\"og:description\" content=\"Drogi U\u017cytkowniku! Dbamy o Twoj\u0105 prywatno\u015b\u0107 i chcemy, aby\u015b w czasie korzystania z naszych us\u0142ug czu\u0142[...]\" \/>\n<meta property=\"og:url\" content=\"http:\/\/www.mirrastal.pl\/polityka-prywatnosci-i-cookies\/\" \/>\n<meta property=\"og:site_name\" content=\"Mirrastal\" \/>\n<meta property=\"article:modified_time\" content=\"2019-11-07T13:47:32+00:00\" \/>\n<meta name=\"twitter:card\" content=\"summary_large_image\" \/>\n<meta name=\"twitter:label1\" content=\"Written by\">\n\t<meta name=\"twitter:data1\" content=\"Admin Mirra\">\n\t<meta name=\"twitter:label2\" content=\"Est. reading time\">\n\t<meta name=\"twitter:data2\" content=\"3 minutes\">\n<script type=\"application\/ld+json\" class=\"yoast-schema-graph\">{\"@context\":\"https:\/\/schema.org\",\"@graph\":[{\"@type\":\"WebSite\",\"@id\":\"http:\/\/www.mirrastal.pl\/#website\",\"url\":\"http:\/\/www.mirrastal.pl\/\",\"name\":\"Mirrastal\",\"description\":\"Wyroby hutnicze\",\"potentialAction\":[{\"@type\":\"SearchAction\",\"target\":\"http:\/\/www.mirrastal.pl\/?s={search_term_string}\",\"query-input\":\"required name=search_term_string\"}],\"inLanguage\":\"en-US\"},{\"@type\":\"WebPage\",\"@id\":\"http:\/\/www.mirrastal.pl\/polityka-prywatnosci-i-cookies\/#webpage\",\"url\":\"http:\/\/www.mirrastal.pl\/polityka-prywatnosci-i-cookies\/\",\"name\":\"Polityka prywatno\\u015bci i cookies - Mirrastal\",\"isPartOf\":{\"@id\":\"http:\/\/www.mirrastal.pl\/#website\"},\"datePublished\":\"2019-07-05T06:38:06+00:00\",\"dateModified\":\"2019-11-07T13:47:32+00:00\",\"inLanguage\":\"en-US\",\"potentialAction\":[{\"@type\":\"ReadAction\",\"target\":[\"http:\/\/www.mirrastal.pl\/polityka-prywatnosci-i-cookies\/\"]}]}]}<\/script>\n<!-- \/ Yoast SEO plugin. -->","_links":{"self":[{"href":"http:\/\/www.mirrastal.pl\/en\/wp-json\/wp\/v2\/pages\/3"}],"collection":[{"href":"http:\/\/www.mirrastal.pl\/en\/wp-json\/wp\/v2\/pages"}],"about":[{"href":"http:\/\/www.mirrastal.pl\/en\/wp-json\/wp\/v2\/types\/page"}],"author":[{"embeddable":true,"href":"http:\/\/www.mirrastal.pl\/en\/wp-json\/wp\/v2\/users\/1"}],"replies":[{"embeddable":true,"href":"http:\/\/www.mirrastal.pl\/en\/wp-json\/wp\/v2\/comments?post=3"}],"version-history":[{"count":11,"href":"http:\/\/www.mirrastal.pl\/en\/wp-json\/wp\/v2\/pages\/3\/revisions"}],"predecessor-version":[{"id":154,"href":"http:\/\/www.mirrastal.pl\/en\/wp-json\/wp\/v2\/pages\/3\/revisions\/154"}],"wp:attachment":[{"href":"http:\/\/www.mirrastal.pl\/en\/wp-json\/wp\/v2\/media?parent=3"}],"curies":[{"name":"wp","href":"https:\/\/api.w.org\/{rel}","templated":true}]}}